{"id":2194,"date":"2016-10-21T16:40:51","date_gmt":"2016-10-21T15:40:51","guid":{"rendered":"http:\/\/www.ghs-staufen.de\/?page_id=2194"},"modified":"2021-09-18T00:25:09","modified_gmt":"2021-09-17T22:25:09","slug":"beschwerdemanagement","status":"publish","type":"page","link":"https:\/\/www.trs-staufen.de\/?page_id=2194","title":{"rendered":"Beschwerdemanagement"},"content":{"rendered":"<p style=\"text-align: center;\">Verabschiedet von der Schulkonferenz am 22.11.016<\/p>\n<h2>Was tun, wenn Eltern oder Sch\u00fcler eine Beschwerde vorbringen m\u00f6chten?<\/h2>\n<h4>Zielsetzung<\/h4>\n<p>Konflikte und Beschwerden im schulischen Alltag sind nichts Ungew\u00f6hnliches. Schlie\u00dflich lassen sich die unterschiedlichen Erwartungen und Vorstellungen der verschiedenen Gruppen nicht immer mit dem Erziehungs- und Bildungsauftrag der Schule vereinbaren. Mit den folgenden Verfahrensregeln wollen wir dazu beitragen, dass Konflikte und Beschwerden nicht zur Eskalation f\u00fchren, sondern einer konstruktiven Regelung zugef\u00fchrt werden.<\/p>\n<p>Die unmittelbar Beteiligten legen dem Umgang mit einem Konflikt oder einer Beschwerde gegenseitigen Respekt zugrunde und bem\u00fchen sich um eine einvernehmliche Regelung. Beschwerden sehen wir als Anlass, Sachverhalte und Beziehungen zu kl\u00e4ren. Unstimmigkeiten und Fehler \u00fcberpr\u00fcfen wir mit dem Ziel, sie zu beheben.<\/p>\n<p>Hier ein kurzer Leitfaden an wen Sie sich wenden sollten.<\/p>\n\n\n<figure class=\"wp-block-gallery columns-1 is-cropped wp-block-gallery-1 is-layout-flex wp-block-gallery-is-layout-flex\"><ul class=\"blocks-gallery-grid\"><li class=\"blocks-gallery-item\"><figure><a href=\"https:\/\/www.trs-staufen.de\/wp-content\/uploads\/2021\/09\/Elternbeschwerde.bmp\"><img loading=\"lazy\" decoding=\"async\" width=\"2210\" height=\"590\" src=\"https:\/\/www.trs-staufen.de\/wp-content\/uploads\/2021\/09\/Elternbeschwerde.bmp\" alt=\"\" data-id=\"4011\" data-link=\"https:\/\/www.trs-staufen.de\/?attachment_id=4011\" class=\"wp-image-4011\"\/><\/a><\/figure><\/li><\/ul><\/figure>\n\n\n\n<p><\/p>\n","protected":false},"excerpt":{"rendered":"<p>Verabschiedet von der Schulkonferenz am 22.11.016 Was tun, wenn Eltern oder Sch\u00fcler eine Beschwerde vorbringen m\u00f6chten? Zielsetzung Konflikte und Beschwerden &hellip; <\/p>\n","protected":false},"author":1,"featured_media":0,"parent":0,"menu_order":0,"comment_status":"closed","ping_status":"closed","template":"","meta":{"ngg_post_thumbnail":0,"footnotes":""},"class_list":["post-2194","page","type-page","status-publish","hentry"],"_links":{"self":[{"href":"https:\/\/www.trs-staufen.de\/index.php?rest_route=\/wp\/v2\/pages\/2194","targetHints":{"allow":["GET"]}}],"collection":[{"href":"https:\/\/www.trs-staufen.de\/index.php?rest_route=\/wp\/v2\/pages"}],"about":[{"href":"https:\/\/www.trs-staufen.de\/index.php?rest_route=\/wp\/v2\/types\/page"}],"author":[{"embeddable":true,"href":"https:\/\/www.trs-staufen.de\/index.php?rest_route=\/wp\/v2\/users\/1"}],"replies":[{"embeddable":true,"href":"https:\/\/www.trs-staufen.de\/index.php?rest_route=%2Fwp%2Fv2%2Fcomments&post=2194"}],"version-history":[{"count":0,"href":"https:\/\/www.trs-staufen.de\/index.php?rest_route=\/wp\/v2\/pages\/2194\/revisions"}],"wp:attachment":[{"href":"https:\/\/www.trs-staufen.de\/index.php?rest_route=%2Fwp%2Fv2%2Fmedia&parent=2194"}],"curies":[{"name":"wp","href":"https:\/\/api.w.org\/{rel}","templated":true}]}}