{"id":2475,"date":"2016-12-03T14:01:32","date_gmt":"2016-12-03T13:01:32","guid":{"rendered":"http:\/\/www.ghs-staufen.de\/?page_id=2475"},"modified":"2021-02-10T12:15:12","modified_gmt":"2021-02-10T11:15:12","slug":"die-aussenstellen-2","status":"publish","type":"page","link":"https:\/\/www.trs-staufen.de\/?page_id=2475","title":{"rendered":"Die Aussenstelle"},"content":{"rendered":"<p>Die Au\u00dfenstelle Grunern&nbsp; geh\u00f6rt seit dem Schuljahr 2015\/16 der Thadd\u00e4us- Rinderle- Schule an. Momentan sind in Grunern die Klassenstufen 1 und 2 untergebracht. In Wettelbrunn befinden sich die Klassen 3 und 4.<\/p>\n<p>Die Sch\u00fclerinnen und Sch\u00fcler werden in idyllisch- l\u00e4ndlicher Umgebung unterrichtet und profitieren von geringeren Sch\u00fclerzahlen<strong>. <\/strong><\/p>\n<p><strong>Ab dem Schuljahr 2017 \/ 2018 wird an der Au\u00dfenstelle in jahrgangsgemischten Klassen unterrichtet werden.<\/strong><\/p>\n<p style=\"text-align: left;\"><div class=\"su-tabs su-tabs-style-default su-tabs-mobile-stack su-tabs-vertical\" data-active=\"1\" data-scroll-offset=\"0\" data-anchor-in-url=\"no\"><div class=\"su-tabs-nav\"><span class=\"\" data-url=\"\" data-target=\"blank\" tabindex=\"0\" role=\"button\">M\u00f6glichkeiten der Anmeldung zum Schulbesuch<\/span><span class=\"\" data-url=\"\" data-target=\"blank\" tabindex=\"0\" role=\"button\">Unser Miteinander<\/span><span class=\"\" data-url=\"\" data-target=\"blank\" tabindex=\"0\" role=\"button\">Aktionen in der Schule<\/span><span class=\"\" data-url=\"\" data-target=\"blank\" tabindex=\"0\" role=\"button\">Veranstaltungen<\/span><\/div><div class=\"su-tabs-panes\"><div class=\"su-tabs-pane su-u-clearfix su-u-trim\" data-title=\"M\u00f6glichkeiten der Anmeldung zum Schulbesuch\">\n<p style=\"text-align: left;\">Grunds\u00e4tzlich haben alle Kinder aus den Teilorten Grunern und Wettelbrunn einen Anspruch auf einen Ganztagsschulplatz. Die Eltern k\u00f6nnen entscheiden, ob ihr Kind die GTS (Ganztagsschule) oder nur den Halbtagsbereich besuchen soll.<\/p>\n<p style=\"text-align: left;\">Die GTS findet ausschlie\u00dflich am <strong>Standort Staufen<\/strong> statt.<\/p>\n<p style=\"text-align: left;\">F\u00e4llt die Wahl auf den Halbtagsbereich, so kann zwischen dem <strong>Standort TRS- Staufen<\/strong> oder dem <strong>Standort<\/strong> <strong>Au\u00dfenstellen Grunern und Wettelbrunn<\/strong> entschieden werden.<\/p>\n<p style=\"text-align: left;\">Kinder, die die Au\u00dfenstellen besuchen, haben am Standort Grunern die M\u00f6glichkeit einer Kernzeitbetreuung mit wahlweisem Mittagstisch zu besuchen.<\/p>\n<ul style=\"text-align: left;\">\n<li>Betreuung Mo- Fr &nbsp;&nbsp;&nbsp;&nbsp;&nbsp;&nbsp;&nbsp;&nbsp;&nbsp;&nbsp;&nbsp;&nbsp;&nbsp; 07.30 Uhr bis 8.30 Uhr und 12.15 Uhr bis 13.00 Uhr (kostenpflichtig)<\/li>\n<\/ul>\n<ul style=\"text-align: left;\">\n<li>Mittagstisch Mo- Fr&nbsp;&nbsp;&nbsp;&nbsp;&nbsp;&nbsp;&nbsp;&nbsp;&nbsp;&nbsp;&nbsp;&nbsp; 13.00 Uhr bis 14.30 Uhr (kostenpflichtig)<\/li>\n<\/ul>\n<p style=\"text-align: left;\"><div class=\"su-box su-box-style-glass\" id=\"\" style=\"border-color:#004a7d;border-radius:3px;max-width:none\"><div class=\"su-box-title\" style=\"background-color:#0a7db0;color:#FFFFFF;border-top-left-radius:1px;border-top-right-radius:1px\">Anmeldungen Kernzeitbetreuung bei der Stadt Staufen:<\/div><div class=\"su-box-content su-u-clearfix su-u-trim\" style=\"border-bottom-left-radius:1px;border-bottom-right-radius:1px\">\n<p style=\"text-align: left;\">Fr. Schuhmann Tel. 07633-805-25<\/p>\n<p style=\"text-align: left;\">Kontakt Kernzeit: &nbsp;&nbsp;&nbsp;<\/p>\n<p style=\"text-align: left;\">Frau Maria Rinderle- Bernauer Tel: 07633- 5248<\/div><\/div>\n<p style=\"text-align: left;\"><\/div>\n<div class=\"su-tabs-pane su-u-clearfix su-u-trim\" data-title=\"Unser Miteinander\">\n<p style=\"text-align: left;\"><strong><div class=\"su-accordion su-u-trim\"><div class=\"su-spoiler su-spoiler-style-default su-spoiler-icon-plus su-spoiler-closed\" data-scroll-offset=\"0\" data-anchor-in-url=\"no\"><div class=\"su-spoiler-title\" tabindex=\"0\" role=\"button\"><span class=\"su-spoiler-icon\"><\/span>Bildungshaus<\/div><div class=\"su-spoiler-content su-u-clearfix su-u-trim\"><\/strong>Unser Bildungshaus gestaltet sich als Kooperation zwischen der Au\u00dfenstelle Grunern und dem dort ans\u00e4ssigen Kindergarten St. Raphael sowie der Au\u00dfenstelle Wettelbrunn und dem dortigen Kindergarten St. Vitus. Um den zuk\u00fcnftigen Schulanf\u00e4ngern den Schulstart zu erleichtern, finden in regelm\u00e4\u00dfigen Abst\u00e4nden beispielsweise Besuche im Klassenzimmer, gemeinsame Sportstunden oder auch kleine Projekte statt. Hierbei lernen sich die Kindergartenkinder und Sch\u00fcler\/innen gegenseitig kennen und profitieren von den gemeinsamen Aktivit\u00e4ten.<strong><\/div><\/div> <\/strong><\/p>\n<p style=\"text-align: left;\"><strong><div class=\"su-spoiler su-spoiler-style-default su-spoiler-icon-plus su-spoiler-closed\" data-scroll-offset=\"0\" data-anchor-in-url=\"no\"><div class=\"su-spoiler-title\" tabindex=\"0\" role=\"button\"><span class=\"su-spoiler-icon\"><\/span>Kooperation mit der Musikschule \u2013 Bl\u00e4serklasse<\/div><div class=\"su-spoiler-content su-u-clearfix su-u-trim\"><\/strong><\/p>\n<p style=\"text-align: left;\">In den Klassen 1 und 2 k\u00f6nnen die Sch\u00fclerinnen und Sch\u00fcler mit dem Blockfl\u00f6tenunterricht beginnen.<\/p>\n<p style=\"text-align: left;\">Ab Klassenstufe 3 besteht die M\u00f6glichkeit an der Kooperation Bl\u00e4serklasse teilzunehmen. Im Vorfeld erproben die Kinder unterschiedliche Blas- und Schlaginstrumente.<\/p>\n<p style=\"text-align: left;\">Informationen dazu erhalten die Eltern rechtzeitig \u00fcber die Musikschule.<strong><\/div><\/div> <\/strong><\/p>\n<p style=\"text-align: left;\"><strong><div class=\"su-spoiler su-spoiler-style-default su-spoiler-icon-plus su-spoiler-closed\" data-scroll-offset=\"0\" data-anchor-in-url=\"no\"><div class=\"su-spoiler-title\" tabindex=\"0\" role=\"button\"><span class=\"su-spoiler-icon\"><\/span>Lesezimmer<\/div><div class=\"su-spoiler-content su-u-clearfix su-u-trim\"><\/strong><\/p>\n<p style=\"text-align: left;\">Seit diesem Schuljahr gibt es an der Au\u00dfenstelle Wettelbrunn ein Lesezimmer, in das sich die Kinder in kleinen Gruppen zur\u00fcckziehen k\u00f6nnen. Dort steht vor allem das Wohlf\u00fchlen im Vordergrund. Den Sch\u00fclerinnen und Sch\u00fclern stehen Matratzen, Sitzkissen, Massageb\u00e4lle sowie ein H\u00e4ngesessel zur Verf\u00fcgung. R\u00fcckzugsm\u00f6glichkeiten, R\u00fccksichtsnahme und Entspannung sind Ziel dieses Angebots.<strong> <\/div><\/div><\/div><\/strong><\/p>\n<p style=\"text-align: left;\"><\/div>\n<div class=\"su-tabs-pane su-u-clearfix su-u-trim\" data-title=\"Aktionen in der Schule\">\n<p style=\"text-align: left;\">Sozialprojekt mit unserem Sozialarbeiter Herrn Zacharias<\/p>\n<p>ZISCH- Projekt&nbsp;<\/p>\n<p>MNK- Projekte<\/p>\n<p>Vorlesetag\/ Lesenacht<\/p>\n<\/div>\n<div class=\"su-tabs-pane su-u-clearfix su-u-trim\" data-title=\"Veranstaltungen\">\n<p>Weihnachtsmarkt Grunern&nbsp;&nbsp;&nbsp;&nbsp;&nbsp;&nbsp;&nbsp;&nbsp;&nbsp;&nbsp; &nbsp;&nbsp;&nbsp;&nbsp;&nbsp;&nbsp;&nbsp;&nbsp;&nbsp;&nbsp;&nbsp;&nbsp;&nbsp;&nbsp;&nbsp;&nbsp;&nbsp;&nbsp;&nbsp;&nbsp;&nbsp;&nbsp;&nbsp;&nbsp;&nbsp;&nbsp;&nbsp;&nbsp;&nbsp;&nbsp;&nbsp;&nbsp;&nbsp;&nbsp;&nbsp;&nbsp;&nbsp;&nbsp;&nbsp;&nbsp;&nbsp;&nbsp;&nbsp;&nbsp;&nbsp;&nbsp; &nbsp;&nbsp;&nbsp;&nbsp;&nbsp;&nbsp;&nbsp;&nbsp;&nbsp;&nbsp;&nbsp;<\/p>\n<p>Weihnachtsmarkt Wettelbrunn&nbsp;&nbsp;&nbsp; &nbsp;&nbsp;&nbsp;&nbsp;&nbsp;&nbsp;&nbsp;&nbsp;&nbsp;&nbsp;&nbsp;<\/p>\n<p>Kirchplatzhock&nbsp;&nbsp;&nbsp;&nbsp;&nbsp;&nbsp;&nbsp;&nbsp;&nbsp;&nbsp;&nbsp;&nbsp;&nbsp;&nbsp;&nbsp;&nbsp;&nbsp;&nbsp;&nbsp;&nbsp;&nbsp;&nbsp;&nbsp;&nbsp;&nbsp;&nbsp;&nbsp;&nbsp;&nbsp;&nbsp;&nbsp;&nbsp;&nbsp;&nbsp;&nbsp;&nbsp;&nbsp;&nbsp;&nbsp;&nbsp;&nbsp;&nbsp;&nbsp; &nbsp;&nbsp;&nbsp;&nbsp;&nbsp;&nbsp;&nbsp;&nbsp;&nbsp;&nbsp;&nbsp;<\/p>\n<p>Vitusfest<\/p>\n<p>Weihnachtsfeier an der Au\u00dfenstelle Grunern<\/p>\n<\/div><\/div><\/div>\n","protected":false},"excerpt":{"rendered":"<p>Die Au\u00dfenstelle Grunern&nbsp; geh\u00f6rt seit dem Schuljahr 2015\/16 der Thadd\u00e4us- Rinderle- Schule an. Momentan sind in Grunern die Klassenstufen 1 &hellip; <\/p>\n","protected":false},"author":1,"featured_media":0,"parent":0,"menu_order":0,"comment_status":"closed","ping_status":"closed","template":"","meta":{"ngg_post_thumbnail":0,"footnotes":""},"class_list":["post-2475","page","type-page","status-publish","hentry"],"_links":{"self":[{"href":"https:\/\/www.trs-staufen.de\/index.php?rest_route=\/wp\/v2\/pages\/2475","targetHints":{"allow":["GET"]}}],"collection":[{"href":"https:\/\/www.trs-staufen.de\/index.php?rest_route=\/wp\/v2\/pages"}],"about":[{"href":"https:\/\/www.trs-staufen.de\/index.php?rest_route=\/wp\/v2\/types\/page"}],"author":[{"embeddable":true,"href":"https:\/\/www.trs-staufen.de\/index.php?rest_route=\/wp\/v2\/users\/1"}],"replies":[{"embeddable":true,"href":"https:\/\/www.trs-staufen.de\/index.php?rest_route=%2Fwp%2Fv2%2Fcomments&post=2475"}],"version-history":[{"count":0,"href":"https:\/\/www.trs-staufen.de\/index.php?rest_route=\/wp\/v2\/pages\/2475\/revisions"}],"wp:attachment":[{"href":"https:\/\/www.trs-staufen.de\/index.php?rest_route=%2Fwp%2Fv2%2Fmedia&parent=2475"}],"curies":[{"name":"wp","href":"https:\/\/api.w.org\/{rel}","templated":true}]}}