{"id":3117,"date":"2019-05-26T13:45:27","date_gmt":"2019-05-26T12:45:27","guid":{"rendered":"http:\/\/www.trs-staufen.de\/?page_id=3117"},"modified":"2024-07-26T09:05:05","modified_gmt":"2024-07-26T07:05:05","slug":"regiokarten-abo-fuer-buskinder","status":"publish","type":"page","link":"https:\/\/www.trs-staufen.de\/?page_id=3117","title":{"rendered":"\u00c4nderung zur Regiokarte\/Deutschland-Ticket Jugend BW"},"content":{"rendered":"\n<p>In den Pfingstferien hat der Kreistag Breisgau-Hochschwarzwald \u00c4nderungen bzgl. der Bezuschussung des Deutschland-Tickets\/der Regiokarte f\u00fcr Schulkinder der Grundschule beschlossen.<\/p>\n\n\n\n<p>Ab dem 01.09.2024 wird die bisherige Vollbezuschussung der Schulkinder aus Kl. 1-4 leider vom Kreistag aufgehoben. Die VAG wird bestehende Abos k\u00fcndigen und Ihnen einen vorausgef\u00fcllten Folgeantrag zuschicken.<\/p>\n\n\n\n<p><strong>Was ist neu?<\/strong><\/p>\n\n\n\n<p>F\u00fcr das Sch\u00fcler-Abo, bzw. Deutschland-Ticket JugendBW wird dann ein Eigenanteil in H\u00f6he von 15,42\u20ac \/ Monat erhoben.<\/p>\n\n\n\n<ul class=\"wp-block-list\">\n<li>Mit der neuen Regelung haben alle Grundschulkinder die M\u00f6glichkeit ein Deutschland-Ticket \/Jugend BW Ticket zu beantragen, welches nicht nur die Busfahrten zur Schule, sondern dengesamten \u00d6PNV abdeckt.<\/li>\n\n\n\n<li>Drittkind-Regelung<\/li>\n<\/ul>\n\n\n\n<p>Diese Abos werden heute voll bezuschusst. Ab August 2024 m\u00fcssen diese Familien in Vorleistung gehen und das Abo zun\u00e4chst voll bezahlen (30,42\u20ac\/Monat). Die Familien k\u00f6nnen sich im Nachhinein den Betrag vom Landkreis erstatten lassen.<\/p>\n\n\n\n<p><strong>Fristen f\u00fcr die Beantragung des Deutschland-Ticket JugendBW:<\/strong><\/p>\n\n\n\n<p>Die Bestellungen m\u00fcssen bis zum 10. des Vormonats bei der VAG (Abo-Center) vorliegen. Da die Antr\u00e4ge erst im Schulsekretariat mit dem Schulstempel und Unterschrift bearbeitet werden m\u00fcssen, sind folgende Fristen zu beachten:<\/p>\n\n\n\n<p>&#8211; Abo Antrag geht bis zum 01.07.2024 in der TRS ein \u2192 Abo auf 1. August oder sp\u00e4ter m\u00f6glich<\/p>\n\n\n\n<p>&#8211; Abo Antrag geht bis zum 31.07.2024 in der TRS ein \u2192 Abo auf 1. September oder sp\u00e4ter m\u00f6glich<\/p>\n\n\n\n<p>&#8211; Abo Antrag geht bis zum 01.09.2024 in der TRS ein \u2192 Abo auf 1. Oktober oder sp\u00e4ter m\u00f6glich<\/p>\n\n\n\n<p>Wir raten dazu, das Abo noch im alten Schuljahr vor den Sommerferien zu beantragen und im Schulsekretariat bei Frau Hofg\u00e4rtner abzugeben.<\/p>\n\n\n\n<p>Fragen zu Abo-Vertr\u00e4gen: abo@vagfr.de oder 0761-4511-450.<\/p>\n","protected":false},"excerpt":{"rendered":"<p>In den Pfingstferien hat der Kreistag Breisgau-Hochschwarzwald \u00c4nderungen bzgl. der Bezuschussung des Deutschland-Tickets\/der Regiokarte f\u00fcr Schulkinder der Grundschule beschlossen. Ab dem 01.09.2024 wird die bisherige Vollbezuschussung der Schulkinder aus Kl. 1-4 leider vom Kreistag aufgehoben. Die VAG wird bestehende Abos k\u00fcndigen und Ihnen einen vorausgef\u00fcllten Folgeantrag zuschicken. Was ist neu? F\u00fcr das Sch\u00fcler-Abo, bzw. Deutschland-Ticket JugendBW wird dann ein Eigenanteil [&hellip;]<\/p>\n","protected":false},"author":1,"featured_media":0,"parent":0,"menu_order":0,"comment_status":"closed","ping_status":"closed","template":"","meta":{"ngg_post_thumbnail":0,"footnotes":""},"class_list":["post-3117","page","type-page","status-publish","hentry"],"_links":{"self":[{"href":"https:\/\/www.trs-staufen.de\/index.php?rest_route=\/wp\/v2\/pages\/3117","targetHints":{"allow":["GET"]}}],"collection":[{"href":"https:\/\/www.trs-staufen.de\/index.php?rest_route=\/wp\/v2\/pages"}],"about":[{"href":"https:\/\/www.trs-staufen.de\/index.php?rest_route=\/wp\/v2\/types\/page"}],"author":[{"embeddable":true,"href":"https:\/\/www.trs-staufen.de\/index.php?rest_route=\/wp\/v2\/users\/1"}],"replies":[{"embeddable":true,"href":"https:\/\/www.trs-staufen.de\/index.php?rest_route=%2Fwp%2Fv2%2Fcomments&post=3117"}],"version-history":[{"count":3,"href":"https:\/\/www.trs-staufen.de\/index.php?rest_route=\/wp\/v2\/pages\/3117\/revisions"}],"predecessor-version":[{"id":4381,"href":"https:\/\/www.trs-staufen.de\/index.php?rest_route=\/wp\/v2\/pages\/3117\/revisions\/4381"}],"wp:attachment":[{"href":"https:\/\/www.trs-staufen.de\/index.php?rest_route=%2Fwp%2Fv2%2Fmedia&parent=3117"}],"curies":[{"name":"wp","href":"https:\/\/api.w.org\/{rel}","templated":true}]}}