{"id":334,"date":"2015-02-18T18:28:07","date_gmt":"2015-02-18T17:28:07","guid":{"rendered":"http:\/\/localhost\/wordpress\/?page_id=334"},"modified":"2022-05-09T21:10:36","modified_gmt":"2022-05-09T19:10:36","slug":"schulsozialarbeit","status":"publish","type":"page","link":"https:\/\/www.trs-staufen.de\/?page_id=334","title":{"rendered":"Schulsozialarbeit"},"content":{"rendered":"<p>Schulsozialarbeit an der TRS<\/p>\n<p>Seit Oktober 2012 gibt es Schulsozialarbeit an der TRS Staufen.<\/p>\n<div class=\"su-spoiler su-spoiler-style-fancy su-spoiler-icon-chevron-circle su-spoiler-closed\" data-scroll-offset=\"0\" data-anchor-in-url=\"no\"><div class=\"su-spoiler-title\" tabindex=\"0\" role=\"button\"><span class=\"su-spoiler-icon\"><\/span>Aufgaben und Angebote<\/div><div class=\"su-spoiler-content su-u-clearfix su-u-trim\">\n<ul>\n<li>Beratung und Unterst\u00fctzung f\u00fcr Sch\u00fclerinnen und Sch\u00fcler, Eltern und Lehrerinnen und Lehrer<\/li>\n<li>pr\u00e4ventive Projekte uns Arbeiten mit und in Schulklassen zu verschiedenen Themen, z.B. Soziales Lernen, St\u00e4rkung der Klassengemeinschaft, Aggression und Gewalt<\/li>\n<li>Krisen- und Konfliktintervention<\/li>\n<li>Schulentwicklung im Bereich \u201eSoziales Lernen\u201c<\/li>\n<li>Veranstaltungen, Seminare<\/li>\n<li>Projekte in der GTS<\/li>\n<li>Kooperation und Vernetzung innerhalb und au\u00dferhalb der Schule<\/div><\/div><\/li>\n<\/ul>\n<div class=\"su-spoiler su-spoiler-style-fancy su-spoiler-icon-chevron-circle su-spoiler-closed\" data-scroll-offset=\"0\" data-anchor-in-url=\"no\"><div class=\"su-spoiler-title\" tabindex=\"0\" role=\"button\"><span class=\"su-spoiler-icon\"><\/span>Ansprechpartner<\/div><div class=\"su-spoiler-content su-u-clearfix su-u-trim\">\n<p>Christoph Zacharias (Dipl. Sozialp\u00e4dagoge)<\/p>\n<p>Tel. 01 57 50 48 62 94<\/p>\n<p>B\u00fcro- und Sprechzeiten:<\/p>\n<p>Termine nach Vereinbarung<\/p>\n<span class=\"su-highlight\" style=\"background:#0a7db0;color:#ffffff\">&nbsp;Gespr\u00e4chsinhalte gegen\u00fcber Dritten werden vertraulich behandelt und unterliegen der Schweigepflicht!&nbsp;<\/span><\/div><\/div>\n<p>Die Schulsozialarbeit befindet sich in der Tr\u00e4gerschaft des Sozialdienst katholischer Frauen Staufen e.V. (anerkannter Tr\u00e4ger der freien Jugendhilfe)<\/p>\n<p>Finanziert wird die Arbeit mit Mitteln der Stadt Staufen und einer F\u00f6rderung durch Land und Landkreis (Mittel des Bildungs- Teilhabepaketes).<\/p>\n","protected":false},"excerpt":{"rendered":"<p>Schulsozialarbeit an der TRS Seit Oktober 2012 gibt es Schulsozialarbeit an der TRS Staufen. Die Schulsozialarbeit befindet sich in der &hellip; <\/p>\n","protected":false},"author":1,"featured_media":0,"parent":100,"menu_order":0,"comment_status":"closed","ping_status":"closed","template":"","meta":{"ngg_post_thumbnail":0,"footnotes":""},"class_list":["post-334","page","type-page","status-publish","hentry"],"_links":{"self":[{"href":"https:\/\/www.trs-staufen.de\/index.php?rest_route=\/wp\/v2\/pages\/334","targetHints":{"allow":["GET"]}}],"collection":[{"href":"https:\/\/www.trs-staufen.de\/index.php?rest_route=\/wp\/v2\/pages"}],"about":[{"href":"https:\/\/www.trs-staufen.de\/index.php?rest_route=\/wp\/v2\/types\/page"}],"author":[{"embeddable":true,"href":"https:\/\/www.trs-staufen.de\/index.php?rest_route=\/wp\/v2\/users\/1"}],"replies":[{"embeddable":true,"href":"https:\/\/www.trs-staufen.de\/index.php?rest_route=%2Fwp%2Fv2%2Fcomments&post=334"}],"version-history":[{"count":0,"href":"https:\/\/www.trs-staufen.de\/index.php?rest_route=\/wp\/v2\/pages\/334\/revisions"}],"up":[{"embeddable":true,"href":"https:\/\/www.trs-staufen.de\/index.php?rest_route=\/wp\/v2\/pages\/100"}],"wp:attachment":[{"href":"https:\/\/www.trs-staufen.de\/index.php?rest_route=%2Fwp%2Fv2%2Fmedia&parent=334"}],"curies":[{"name":"wp","href":"https:\/\/api.w.org\/{rel}","templated":true}]}}