{"id":345,"date":"2015-02-18T18:47:13","date_gmt":"2015-02-18T17:47:13","guid":{"rendered":"http:\/\/localhost\/wordpress\/?page_id=345"},"modified":"2015-02-18T18:47:13","modified_gmt":"2015-02-18T17:47:13","slug":"projekte-in-der-gts","status":"publish","type":"page","link":"https:\/\/www.trs-staufen.de\/?page_id=345","title":{"rendered":"Projekte in der GTS"},"content":{"rendered":"<p>&nbsp;<\/p>\n<p>[su_accordion]<\/p>\n<p>[su_spoiler title=&#8220;Basketball&#8220; su_spoiler style=&#8220;fancy&#8220; icon=&#8220;chevron-circle&#8220;]<\/p>\n<p>In Kooperation mit der Basketballabteilung des TV&nbsp;Staufen lernen die Kinder die Grundtechniken und Regeln des Spiels kennen.<\/p>\n<p style=\"text-align: right;\">Hr. Dore<\/p>\n<p>[\/su_spoiler]<\/p>\n<p>[su_spoiler title= &#8222;Die Kunstwerkstatt&#8220; su_spoiler style=&#8220;fancy&#8220; icon=&#8220;chevron-circle&#8220;]<\/p>\n<p>Die Kunstwerkstatt ist ein besonderer Raum und ein besonderes Prinzip:<\/p>\n<p>Hier k\u00f6nnen 20 Sch\u00fcler der ersten bis vierten Klasse, immer mittwochs von 14:30 Uhr bis&nbsp; 16:00 Uhr, malen, zeichnen, formen, drucken, bauen, basteln und erfinden.<\/p>\n<p>Die Sch\u00fcler arbeiten k\u00fcnstlerisch mit verschiedensten Materialien und Techniken. Themen, zu denen wir in der letzten Kunstwerkstatt gearbeitet haben, waren z.B. \u201eInsektenwelten\u201c, \u201eReise zum Klitzeklitzeklein-Planeten\u201c, \u201eVerr\u00fcckte Murmelbahnen\u201c. Die Sch\u00fcler werden dabei von zwei Studierenden des Faches Kunst der P\u00e4dagogischen Hochschule Freiburg betreut.<\/p>\n<p>In der Kunstwerkstatt steht das sch\u00f6pferische Potenzial der Kinder im Mittelpunkt. Kreativit\u00e4t und Eigent\u00e4tigkeit sind dabei die wichtigsten Prinzipien, aber auch das gemeinsame Arbeiten und voneinander Lernen wird gef\u00f6rdert.<\/p>\n<p>Wie in einem K\u00fcnstleratelier kann mit verschiedenen Materialien, Farben und Werkzeugen gearbeitet werden. Es lassen sich viele interessante und anregende Gegenst\u00e4nde finden und zu neuen, eigenen Ideen verbinden. Manchmal stellen wir aber auch einzelne Techniken, wie z.B. mechanische Druckverfahren, Malen mit Zufallstechniken oder das Arbeiten mit Ton in den Mittelpunkt.<\/p>\n<p>\u00dcber das Schuljahr verteilt, wird es Ausstellungen geben, bei denen die Kunstwerke der Sch\u00fcler f\u00fcr alle Eltern und Interessierten zu sehen sein werden. Nach den Ausstellungen k\u00f6nnen die Arbeiten mit nach Hause genommen werden.<\/p>\n<p>Die Teilnahme ist, bis auf einen Materialkostenbeitrag von 25,- \u20ac, kostenfrei. Der Betrag ist am Anfang des Schuljahres einmalig zu \u00fcberweisen.<\/p>\n<p>Falls Sie Fragen haben, erreichen Sie uns unter der Emailadresse:<\/p>\n<p>kunstwerkstatt-staufen@gmx.de<br \/>\nWir, das Team der Kunstwerkstatt, freuen uns sehr auf das kommende Schuljahr und sind gespannt, welche kleinen K\u00fcnstler wir begr\u00fc\u00dfen d\u00fcrfen,<\/p>\n<p>[\/su_spoiler]<\/p>\n<p>[su_spoiler title= &#8222;Ballschule &#8211; z. B. Fu\u00dfball&#8220; su_spoiler style=&#8220;fancy&#8220; icon=&#8220;chevron-circle&#8220;]<\/p>\n<p>Zum Ausgleich zu der vielen Arbeit mit dem Kopf und dem langen Stillsitzen ein Bewegungsangebot mit und ohne Ball.<\/p>\n<p>Hierbei wird nicht nur Fu\u00dfball gespielt, sondern den Kindern aufgezeigt wie man auf spielerische Art und Weise seine Muskulatur aufw\u00e4rmt, Kondition trainiert, mit dem Ball umgeht, etc.<\/p>\n<p>[su_box title=&#8220;Sportspielspezifische Ballschule&#8220; su_box style=&#8220;glass&#8220;]<\/p>\n<p>Irgendwann wollen die Kinder Fu\u00dfball, Handball, Tennis usw. spielen. Das ist wichtig und aus der Sicht der Ballschule auch w\u00fcnschenswert. In den sportartspezifischen Ballschulen geht es um einen &#8222;sanften&#8220; \u00dcbergang von dem zentralen Prinzip der Vielseitigkeit hin zu einer altersgerechten Vermittlung der Grundtechniken und Basistaktiken der einzelnen Sportspiele[\/su_box]<\/p>\n<p>Mehr Infos unter: https:\/\/stefanebner-trainer.com\/stefan-ebner-trainer-ballschule<\/p>\n<p>[\/su_spoiler]<\/p>\n<p>[su_spoiler title= &#8222;Rangeln und Raufen&#8220; su_spoiler style=&#8220;fancy&#8220; icon=&#8220;chevron-circle&#8220;]<\/p>\n<ul>\n<li>Spa\u00dfk\u00e4mpfe (entwickelt aus der Sch\u00fclerversammlung der TRS: Besonders Jungs haben das Bed\u00fcrfnis ihre Kr\u00e4fte zu messen). Herr Zacharias hat daraus mit Kindern und Lehrkr\u00e4ften das Programm Spa\u00dfk\u00e4mpfe entwickelt. Dazu wurden Dritt- und Viertkl\u00e4sslern zu Schiedsrichtern ausgebildet. Diese finden in der gro\u00dfen Pause nach festgelegten Regeln statt unter Aufsicht eines Erwachsenen und der Schiedsrichter. Das Projekt ist eine Vertiefung im Rahmen der GTS<\/li>\n<li>Kr\u00e4fte messen<\/li>\n<li>Fairplay\/Kennenlernen wichtiger Regeln<\/li>\n<li>Gegenseitige Wertsch\u00e4tzung<\/li>\n<li>Kein Kampfsport sondern gemeinsames Erlebnis<\/li>\n<\/ul>\n<p>Unter der Leitung unseres Sozialarbeiter C. Zacharias<\/p>\n<p>&nbsp;<\/p>\n<p>[\/su_spoiler]<\/p>\n<p>[su_spoiler title= &#8222;Spiel, Spa\u00df und Sport mit Pferden&#8220; su_spoiler style=&#8220;fancy&#8220; icon=&#8220;chevron-circle&#8220;]<\/p>\n<p><img fetchpriority=\"high\" decoding=\"async\" class=\"aligncenter size-full wp-image-2117\" src=\"http:\/\/www.ghs-staufen.de\/wp-content\/uploads\/2015\/02\/Projektinfo_Seite_1.jpg\" alt=\"projektinfo_seite_1\" width=\"2076\" height=\"2936\"><\/p>\n<p>[\/su_spoiler]<\/p>\n<p>[su_spoiler title= &#8222;Jugendmusikschule&#8220; su_spoiler style=&#8220;fancy&#8220; icon=&#8220;chevron-circle&#8220;]<img decoding=\"async\" class=\"aligncenter wp-image-2118 size-full\" src=\"http:\/\/www.ghs-staufen.de\/wp-content\/uploads\/2015\/02\/Projektinfo_Seite_3.jpg\" width=\"1820\" height=\"2573\"><\/p>\n<p>[\/su_spoiler]<\/p>\n<p>[su_spoiler title= &#8222;H\u00f6rpiele selber machen&#8220; su_spoiler style=&#8220;fancy&#8220; icon=&#8220;chevron-circle&#8220;]<img decoding=\"async\" class=\"aligncenter wp-image-323 size-full\" src=\"http:\/\/www.ghs-staufen.de\/wp-content\/uploads\/2015\/02\/Hoerspiele.jpg\" alt=\"\" width=\"573\" height=\"880\"><\/p>\n<p>[\/su_spoiler]<\/p>\n<p>[su_spoiler title= &#8222;Freizeit&#8220; su_spoiler style=&#8220;fancy&#8220; icon=&#8220;chevron-circle&#8220;]<\/p>\n<p>In diesem Projekt hast du Zeit zum gemeinsamen Spielen auf dem Pausenhof, du kannst jedoch auch jederzeit in die Angebotsecke kommen und findest dort M\u00f6glichkeiten wie Werken mit Steinen und Naturmaterialien, verschiedene Spieleangebote und vieles mehr. Lass dich \u00fcberraschen!<\/p>\n<p>[\/su_spoiler]<\/p>\n<p>[\/su_accordion]<\/p>\n","protected":false},"excerpt":{"rendered":"<p>&nbsp; [su_accordion] [su_spoiler title=&#8220;Basketball&#8220; su_spoiler style=&#8220;fancy&#8220; icon=&#8220;chevron-circle&#8220;] In Kooperation mit der Basketballabteilung des TV&nbsp;Staufen lernen die Kinder die Grundtechniken und Regeln des Spiels kennen. Hr. Dore [\/su_spoiler] [su_spoiler title= &#8222;Die Kunstwerkstatt&#8220; su_spoiler style=&#8220;fancy&#8220; icon=&#8220;chevron-circle&#8220;] Die Kunstwerkstatt ist ein besonderer Raum und ein besonderes Prinzip: Hier k\u00f6nnen 20 Sch\u00fcler der ersten bis vierten Klasse, immer mittwochs von 14:30 Uhr bis&nbsp; 16:00 [&hellip;]<\/p>\n","protected":false},"author":1,"featured_media":0,"parent":347,"menu_order":0,"comment_status":"closed","ping_status":"closed","template":"","meta":{"ngg_post_thumbnail":0,"footnotes":""},"class_list":["post-345","page","type-page","status-publish","hentry"],"_links":{"self":[{"href":"https:\/\/www.trs-staufen.de\/index.php?rest_route=\/wp\/v2\/pages\/345","targetHints":{"allow":["GET"]}}],"collection":[{"href":"https:\/\/www.trs-staufen.de\/index.php?rest_route=\/wp\/v2\/pages"}],"about":[{"href":"https:\/\/www.trs-staufen.de\/index.php?rest_route=\/wp\/v2\/types\/page"}],"author":[{"embeddable":true,"href":"https:\/\/www.trs-staufen.de\/index.php?rest_route=\/wp\/v2\/users\/1"}],"replies":[{"embeddable":true,"href":"https:\/\/www.trs-staufen.de\/index.php?rest_route=%2Fwp%2Fv2%2Fcomments&post=345"}],"version-history":[{"count":0,"href":"https:\/\/www.trs-staufen.de\/index.php?rest_route=\/wp\/v2\/pages\/345\/revisions"}],"up":[{"embeddable":true,"href":"https:\/\/www.trs-staufen.de\/index.php?rest_route=\/wp\/v2\/pages\/347"}],"wp:attachment":[{"href":"https:\/\/www.trs-staufen.de\/index.php?rest_route=%2Fwp%2Fv2%2Fmedia&parent=345"}],"curies":[{"name":"wp","href":"https:\/\/api.w.org\/{rel}","templated":true}]}}