{"id":4139,"date":"2021-12-14T11:10:04","date_gmt":"2021-12-14T10:10:04","guid":{"rendered":"https:\/\/www.trs-staufen.de\/?page_id=4139"},"modified":"2026-05-05T12:05:57","modified_gmt":"2026-05-05T10:05:57","slug":"eine-schule-zwei-standorte","status":"publish","type":"page","link":"https:\/\/www.trs-staufen.de\/?page_id=4139","title":{"rendered":"Eine Schule &#8211; zwei Standorte"},"content":{"rendered":"\n<p>Wenn Sie in Grunern, Wettelbrunn oder Staufen wohnen, geh\u00f6ren Sie zu unserem Schulbezirk und k\u00f6nnen Ihr Kind bei uns anmelden. An der Thadd\u00e4us-Rinderle Schule gibt es zwei Standorte mit unterschiedlichen Angeboten und Konzepten. <\/p>\n\n\n\n<p>F\u00fcr die Eltern der Schulanf\u00e4nger finden j\u00e4hrlich Informationsabende zu den Standorten statt.<\/p>\n\n\n\n<figure class=\"wp-block-image size-full\"><img loading=\"lazy\" decoding=\"async\" width=\"886\" height=\"395\" src=\"https:\/\/www.trs-staufen.de\/wp-content\/uploads\/2021\/12\/Moeglichkeiten-an-den-Standorten-Staufen.png\" alt=\"\" class=\"wp-image-4142\" srcset=\"https:\/\/www.trs-staufen.de\/wp-content\/uploads\/2021\/12\/Moeglichkeiten-an-den-Standorten-Staufen.png 886w, https:\/\/www.trs-staufen.de\/wp-content\/uploads\/2021\/12\/Moeglichkeiten-an-den-Standorten-Staufen-300x134.png 300w, https:\/\/www.trs-staufen.de\/wp-content\/uploads\/2021\/12\/Moeglichkeiten-an-den-Standorten-Staufen-768x342.png 768w\" sizes=\"auto, (max-width: 886px) 100vw, 886px\" \/><\/figure>\n\n\n\n<p><\/p>\n\n\n\n<figure class=\"wp-block-image size-full is-resized\"><img loading=\"lazy\" decoding=\"async\" width=\"601\" height=\"281\" src=\"https:\/\/www.trs-staufen.de\/wp-content\/uploads\/2021\/12\/Moeglichkeiten-an-den-Standorten-wettelbrunn.png\" alt=\"\" class=\"wp-image-4145\" style=\"width:828px;height:393px\" srcset=\"https:\/\/www.trs-staufen.de\/wp-content\/uploads\/2021\/12\/Moeglichkeiten-an-den-Standorten-wettelbrunn.png 601w, https:\/\/www.trs-staufen.de\/wp-content\/uploads\/2021\/12\/Moeglichkeiten-an-den-Standorten-wettelbrunn-300x140.png 300w\" sizes=\"auto, (max-width: 601px) 100vw, 601px\" \/><\/figure>\n\n\n\n<p><\/p>\n","protected":false},"excerpt":{"rendered":"<p>Wenn Sie in Grunern, Wettelbrunn oder Staufen wohnen, geh\u00f6ren Sie zu unserem Schulbezirk und k\u00f6nnen Ihr Kind bei uns anmelden. &hellip; <\/p>\n","protected":false},"author":1,"featured_media":0,"parent":0,"menu_order":0,"comment_status":"closed","ping_status":"closed","template":"","meta":{"ngg_post_thumbnail":0,"footnotes":""},"class_list":["post-4139","page","type-page","status-publish","hentry"],"_links":{"self":[{"href":"https:\/\/www.trs-staufen.de\/index.php?rest_route=\/wp\/v2\/pages\/4139","targetHints":{"allow":["GET"]}}],"collection":[{"href":"https:\/\/www.trs-staufen.de\/index.php?rest_route=\/wp\/v2\/pages"}],"about":[{"href":"https:\/\/www.trs-staufen.de\/index.php?rest_route=\/wp\/v2\/types\/page"}],"author":[{"embeddable":true,"href":"https:\/\/www.trs-staufen.de\/index.php?rest_route=\/wp\/v2\/users\/1"}],"replies":[{"embeddable":true,"href":"https:\/\/www.trs-staufen.de\/index.php?rest_route=%2Fwp%2Fv2%2Fcomments&post=4139"}],"version-history":[{"count":1,"href":"https:\/\/www.trs-staufen.de\/index.php?rest_route=\/wp\/v2\/pages\/4139\/revisions"}],"predecessor-version":[{"id":4532,"href":"https:\/\/www.trs-staufen.de\/index.php?rest_route=\/wp\/v2\/pages\/4139\/revisions\/4532"}],"wp:attachment":[{"href":"https:\/\/www.trs-staufen.de\/index.php?rest_route=%2Fwp%2Fv2%2Fmedia&parent=4139"}],"curies":[{"name":"wp","href":"https:\/\/api.w.org\/{rel}","templated":true}]}}